{"id":541,"date":"2024-04-18T15:31:50","date_gmt":"2024-04-18T15:31:50","guid":{"rendered":"https:\/\/thegateclub.eu\/?page_id=541"},"modified":"2025-01-12T20:30:20","modified_gmt":"2025-01-12T20:30:20","slug":"about-2","status":"publish","type":"page","link":"https:\/\/thegateclub.eu\/?page_id=541","title":{"rendered":"Legal Notice"},"content":{"rendered":"\t\t<div data-elementor-type=\"wp-page\" data-elementor-id=\"541\" class=\"elementor elementor-541\" data-elementor-post-type=\"page\">\n\t\t\t\t<div class=\"elementor-element elementor-element-1ee3ef7b e-flex e-con-boxed e-con e-parent\" data-id=\"1ee3ef7b\" data-element_type=\"container\">\n\t\t\t\t\t<div class=\"e-con-inner\">\n\t\t<div class=\"elementor-element elementor-element-1e463f6b e-con-full animated-slow e-flex elementor-invisible e-con e-child\" data-id=\"1e463f6b\" data-element_type=\"container\" data-settings=\"{&quot;animation&quot;:&quot;fadeIn&quot;}\">\n\t\t\t\t<div class=\"elementor-element elementor-element-6c43b2c0 elementor-widget elementor-widget-heading\" data-id=\"6c43b2c0\" data-element_type=\"widget\" data-widget_type=\"heading.default\">\n\t\t\t\t<div class=\"elementor-widget-container\">\n\t\t\t\t\t<h1 class=\"elementor-heading-title elementor-size-default\">Legal Notice<\/h1>\t\t\t\t<\/div>\n\t\t\t\t<\/div>\n\t\t\t\t<div class=\"elementor-element elementor-element-3e9b66bb elementor-widget elementor-widget-text-editor\" data-id=\"3e9b66bb\" data-element_type=\"widget\" data-widget_type=\"text-editor.default\">\n\t\t\t\t<div class=\"elementor-widget-container\">\n\t\t\t\t\t\t\t\t\t<p>TheGate UG<br>Schinkelstrasse 66<br>D-40211 D\u00fcsseldorf<br>Phone:&nbsp;+49 1522 1655993<br>Email: info@thegateclub.eu<br>Internet: www.thegateclub.eu<br>Ust-Id.: DE367096565<br>Gesch\u00e4ftsf\u00fchrer: Bastian B\u00fcttgen, Robert Feldhoff<\/p>\t\t\t\t\t\t\t\t<\/div>\n\t\t\t\t<\/div>\n\t\t\t\t<\/div>\n\t\t<div class=\"elementor-element elementor-element-50adc97c e-con-full animated-slow e-flex elementor-invisible e-con e-child\" data-id=\"50adc97c\" data-element_type=\"container\" data-settings=\"{&quot;background_background&quot;:&quot;classic&quot;,&quot;background_motion_fx_motion_fx_scrolling&quot;:&quot;yes&quot;,&quot;animation&quot;:&quot;fadeIn&quot;,&quot;animation_delay&quot;:1200,&quot;background_motion_fx_devices&quot;:[&quot;desktop&quot;,&quot;tablet&quot;,&quot;mobile&quot;]}\">\n\t\t\t\t<\/div>\n\t\t\t\t\t<\/div>\n\t\t\t\t<\/div>\n\t\t\t\t<\/div>\n\t\t","protected":false},"excerpt":{"rendered":"<p>Legal Notice TheGate UGSchinkelstrasse 66D-40211 D\u00fcsseldorfPhone:&nbsp;+49 1522 1655993Email: info@thegateclub.euInternet: www.thegateclub.euUst-Id.: DE367096565Gesch\u00e4ftsf\u00fchrer: Bastian B\u00fcttgen, Robert Feldhoff<\/p>\n","protected":false},"author":1,"featured_media":0,"parent":0,"menu_order":0,"comment_status":"closed","ping_status":"closed","template":"elementor_header_footer","meta":{"footnotes":""},"class_list":["post-541","page","type-page","status-publish","hentry"],"jetpack_sharing_enabled":true,"_links":{"self":[{"href":"https:\/\/thegateclub.eu\/index.php?rest_route=\/wp\/v2\/pages\/541","targetHints":{"allow":["GET"]}}],"collection":[{"href":"https:\/\/thegateclub.eu\/index.php?rest_route=\/wp\/v2\/pages"}],"about":[{"href":"https:\/\/thegateclub.eu\/index.php?rest_route=\/wp\/v2\/types\/page"}],"author":[{"embeddable":true,"href":"https:\/\/thegateclub.eu\/index.php?rest_route=\/wp\/v2\/users\/1"}],"replies":[{"embeddable":true,"href":"https:\/\/thegateclub.eu\/index.php?rest_route=%2Fwp%2Fv2%2Fcomments&post=541"}],"version-history":[{"count":13,"href":"https:\/\/thegateclub.eu\/index.php?rest_route=\/wp\/v2\/pages\/541\/revisions"}],"predecessor-version":[{"id":1021,"href":"https:\/\/thegateclub.eu\/index.php?rest_route=\/wp\/v2\/pages\/541\/revisions\/1021"}],"wp:attachment":[{"href":"https:\/\/thegateclub.eu\/index.php?rest_route=%2Fwp%2Fv2%2Fmedia&parent=541"}],"curies":[{"name":"wp","href":"https:\/\/api.w.org\/{rel}","templated":true}]}}